{"id":123,"date":"2023-05-25T15:25:23","date_gmt":"2023-05-25T18:25:23","guid":{"rendered":"https:\/\/ecobrisa.com\/?page_id=123"},"modified":"2023-05-25T15:30:35","modified_gmt":"2023-05-25T18:30:35","slug":"termos-de-uso","status":"publish","type":"page","link":"https:\/\/ecobrisa.com\/es\/termos-de-uso\/","title":{"rendered":"Termos de uso"},"content":{"rendered":"<div data-elementor-type=\"wp-page\" data-elementor-id=\"123\" class=\"elementor elementor-123\" data-elementor-post-type=\"page\">\n\t\t\t\t\t\t<section class=\"elementor-section elementor-top-section elementor-element elementor-element-42ce134 elementor-section-boxed elementor-section-height-default elementor-section-height-default\" data-id=\"42ce134\" data-element_type=\"section\">\n\t\t\t\t\t\t<div class=\"elementor-container elementor-column-gap-default\">\n\t\t\t\t\t<div class=\"elementor-column elementor-col-100 elementor-top-column elementor-element elementor-element-043b1a1\" data-id=\"043b1a1\" data-element_type=\"column\">\n\t\t\t<div class=\"elementor-widget-wrap elementor-element-populated\">\n\t\t\t\t\t\t<div class=\"elementor-element elementor-element-464be74 elementor-widget elementor-widget-text-editor\" data-id=\"464be74\" data-element_type=\"widget\" data-widget_type=\"text-editor.default\">\n\t\t\t\t<div class=\"elementor-widget-container\">\n\t\t\t<style>\/*! elementor - v3.22.0 - 26-06-2024 *\/\n.elementor-widget-text-editor.elementor-drop-cap-view-stacked .elementor-drop-cap{background-color:#69727d;color:#fff}.elementor-widget-text-editor.elementor-drop-cap-view-framed .elementor-drop-cap{color:#69727d;border:3px solid;background-color:transparent}.elementor-widget-text-editor:not(.elementor-drop-cap-view-default) .elementor-drop-cap{margin-top:8px}.elementor-widget-text-editor:not(.elementor-drop-cap-view-default) .elementor-drop-cap-letter{width:1em;height:1em}.elementor-widget-text-editor .elementor-drop-cap{float:left;text-align:center;line-height:1;font-size:50px}.elementor-widget-text-editor .elementor-drop-cap-letter{display:inline-block}<\/style>\t\t\t\t<h3><span style=\"color: inherit; font-family: inherit; font-size: 1.75rem;\">T\u00c9RMINOS DE USO \u2014 BRISA INDUSTRIA DE TECIDOS TECNOLOGICOS SA<\/span><br><\/h3>\n<p>BRISA INDUSTRIA DE TECIDOS TECNOLOGICOS SA, persona jur\u00eddica de derecho privado, describe, a trav\u00e9s del presente documento, las normas de uso del sitio web y de cualquier otro sitio web, tienda o aplicaci\u00f3n operada por el titular.<\/p>\n<p>Al navegar por este sitio web, consideramos que acepta los T\u00e9rminos de uso a continuaci\u00f3n.<\/p>\n<p>Si no est\u00e1 de acuerdo con los t\u00e9rminos de este contrato, le solicitamos que no utilice m\u00e1s este sitio web, y mucho menos se registre o env\u00ede sus datos personales.<\/p>\n<p>Si modificamos nuestros T\u00e9rminos de Uso, publicaremos el nuevo texto en este sitio web con la fecha de revisi\u00f3n actualizada. Podemos modificar este documento en cualquier momento. Si se produce un cambio significativo en los t\u00e9rminos de este acuerdo, podremos notificarle a trav\u00e9s de la informaci\u00f3n de contacto que tenemos en nuestra base de datos o mediante notificaciones.<\/p>\n<p>Usar este sitio web despu\u00e9s de las modificaciones implica la aceptaci\u00f3n de las Condiciones de Uso revisadas. Si, tras leer la versi\u00f3n revisada, no est\u00e1 de acuerdo con sus t\u00e9rminos, cancele su acceso.<\/p>\n<ul>\n<li>\n<h4>Secci\u00f3n 1 \u2013 Usuario<\/h4>\n<p>La utilizaci\u00f3n de este sitio web atribuye autom\u00e1ticamente la condici\u00f3n de Usuario e implica la aceptaci\u00f3n plena de todas las directrices y condiciones incluidas en estas Condiciones.<\/p>\n<\/li>\n<li>\n<h4>Secci\u00f3n 2 \u2013 Adherencia a la Pol\u00edtica de Privacidad<\/h4>\n<p>La utilizaci\u00f3n de este sitio web implica la adhesi\u00f3n a estas Condiciones de Uso y a la versi\u00f3n m\u00e1s actualizada de la Pol\u00edtica de Privacidad de BRISA INDUSTRIA DE TECIDOS TECNOLOGICOS SA.<\/p>\n<\/li>\n<li>\n<h4>Secci\u00f3n 3 \u2013 Condiciones de acceso<\/h4>\n<p>Con car\u00e1cter general, el acceso al sitio web de BRISA INDUSTRIA DE TECIDOS TECNOLOGICOS SA es gratuito y no exige previo registro o suscripci\u00f3n.<\/p>\n<p>Sin embargo, para disfrutar de algunas funcionalidades, es posible que el usuario necesite registrarse, creando una cuenta de usuario con su propio login y contrase\u00f1a para acceder.<\/p>\n<p>Es responsabilidad exclusiva del usuario proporcionar \u00fanicamente informaci\u00f3n correcta, aut\u00e9ntica, v\u00e1lida, completa y actualizada, as\u00ed como no revelar su nombre de usuario y contrase\u00f1a a terceros.<\/p>\n<p>Algunas secciones de este sitio web ofrecen a los usuarios la opci\u00f3n de publicar comentarios. BRISA INDUSTRIA DE TECIDOS TECNOLOGICOS SA no autoriza la publicaci\u00f3n de contenido discriminatorio, ofensivo o ilegal, ni que infrinja los derechos de autor o cualquier otro derecho de terceros.<\/p>\n<p>La publicaci\u00f3n de cualquier contenido por parte del usuario de este sitio web, incluyendo mensajes y comentarios, implica una licencia no exclusiva, irrevocable e irrevocable para su uso, reproducci\u00f3n y publicaci\u00f3n por parte de BRISA INDUSTRIA DE TECIDOS TECNOLOGICOS SA en su sitio web, plataformas y aplicaciones de internet, o en otras plataformas, sin ninguna restricci\u00f3n o limitaci\u00f3n.<\/p>\n<\/li>\n<li>\n<h4>Secci\u00f3n 4 \u2013 Cookies<\/h4>\n<p>La informaci\u00f3n sobre su uso de este sitio web puede recopilarse mediante cookies. Las cookies son informaci\u00f3n que se almacena directamente en el ordenador que utiliza. Nos permiten recopilar informaci\u00f3n como su tipo de navegador, el tiempo que pasa en el sitio web, las p\u00e1ginas visitadas, las preferencias de idioma y otros datos an\u00f3nimos de tr\u00e1fico. Nosotros y nuestros proveedores de servicios utilizamos esta informaci\u00f3n con fines de seguridad, para facilitar la navegaci\u00f3n, mostrar la informaci\u00f3n de forma m\u00e1s eficiente y personalizar su experiencia en este sitio web, as\u00ed como para el seguimiento en l\u00ednea. Tambi\u00e9n recopilamos informaci\u00f3n estad\u00edstica sobre el uso del sitio web para mejorar continuamente nuestro dise\u00f1o y funcionalidad, comprender c\u00f3mo se utiliza el sitio web y ayudarle con cualquier problema relevante.<\/p>\n<p>Si no desea que su informaci\u00f3n se recopile mediante cookies, la mayor\u00eda de los navegadores ofrecen un procedimiento sencillo que le permite rechazarlas autom\u00e1ticamente o le da la opci\u00f3n de aceptar o rechazar la transferencia de una o varias cookies espec\u00edficas de un sitio web a su ordenador. Sin embargo, esto puede causar inconvenientes al usar el sitio web.<\/p>\n<p>La configuraci\u00f3n que elija puede afectar su experiencia de navegaci\u00f3n y la funcionalidad que requiere el uso de cookies. Por lo tanto, declinamos cualquier responsabilidad por las consecuencias derivadas de la funcionalidad limitada de este sitio web causada por la desactivaci\u00f3n de las cookies en su dispositivo (imposibilidad de configurar o leer una cookie).<\/p>\n<\/li>\n<li>\n<h4>Secci\u00f3n 5 \u2013 Propiedad intelectual<\/h4>\n<p>Todos los elementos de BRISA INDUSTRIA DE TECIDOS TECNOLOGICOS SA son propiedad intelectual de BRISA INDUSTRIA DE TECIDOS TECNOLOGICOS SA o de sus licenciantes. Estos T\u00e9rminos y su uso del sitio web no le otorgan ninguna licencia o derecho a utilizar los derechos de propiedad intelectual de BRISA INDUSTRIA DE TECIDOS TECNOLOGICOS SA o de cualquier tercero.<\/p>\n<\/li>\n<li>\n<h4>Secci\u00f3n 6 \u2013 Enlaces a sitios de terceros<\/h4>\n<p>Este sitio web puede contener, ocasionalmente, hiperv\u00ednculos que lo redirigir\u00e1n a sitios web de nuestras redes asociadas, anunciantes, proveedores, etc. Si hace clic en uno de estos enlaces a cualquiera de estos sitios, recuerde que cada sitio tiene sus propias pol\u00edticas de privacidad y que no somos responsables de ellas. Revise estas pol\u00edticas antes de enviar datos personales a estos sitios.<\/p>\n<p>No nos responsabilizamos de las pol\u00edticas y pr\u00e1cticas de recopilaci\u00f3n, uso y divulgaci\u00f3n (incluidas las pr\u00e1cticas de protecci\u00f3n de datos) de otras organizaciones, como Facebook, Apple, Google, Microsoft o cualquier otro desarrollador de software o proveedor de aplicaciones, tienda de redes sociales, sistema operativo, proveedor de servicios de internet inal\u00e1mbrico o fabricante de dispositivos, incluyendo cualquier Dato Personal que usted divulgue a otras organizaciones a trav\u00e9s de las aplicaciones, en relaci\u00f3n con dichas aplicaciones o publicado en nuestras redes sociales. Le recomendamos que lea la pol\u00edtica de privacidad y las condiciones de uso de cada sitio web que visite o de cada proveedor de servicios que utilice.<\/p>\n<\/li>\n<li>\n<h4>Secci\u00f3n 7 \u2013 Plazos y modificaciones<\/h4>\n<p>Este sitio web funcionar\u00e1 por tiempo indefinido.<\/p>\n<p>El sitio web en su totalidad o en cada una de sus secciones podr\u00e1 ser cerrado, suspendido o interrumpido unilateralmente por BRISA INDUSTRIA DE TECIDOS TECNOLOGICOS SA, en cualquier momento y sin previo aviso.<\/p>\n<\/li>\n<li>\n<h4>Secci\u00f3n 8 \u2013 Datos Personales<\/h4>\n<p>Al utilizar este sitio web, BRISA INDUSTRIA DE TECIDOS TECNOLOGICOS SA y\/o sus socios recopilar\u00e1n y procesar\u00e1n determinados datos personales. Las normas relativas al tratamiento de datos personales por parte de BRISA INDUSTRIA DE TECIDOS TECNOLOGICOS SA se detallan en la Pol\u00edtica de Privacidad.<\/p>\n<\/li>\n<li>\n<h4>Secci\u00f3n 9 \u2013 Contacto<\/h4>\n<p>Si tiene alguna pregunta sobre los T\u00e9rminos de Uso, cont\u00e1ctenos en info@ecobrisa.com.<\/p>\n<\/li>\n<\/ul>\t\t\t\t\t\t<\/div>\n\t\t\t\t<\/div>\n\t\t\t\t\t<\/div>\n\t\t<\/div>\n\t\t\t\t\t<\/div>\n\t\t<\/section>\n\t\t\t\t<\/div>","protected":false},"excerpt":{"rendered":"<p>TERMOS DE USO \u2014 , pessoa jur\u00eddica de direito privado descreve, atrav\u00e9s deste documento, as regras de uso do site&nbsp; e qualquer outro site, loja ou aplicativo operado pelo propriet\u00e1rio. Ao navegar neste website, consideramos que voc\u00ea est\u00e1 de acordo com os Termos de Uso abaixo. Caso voc\u00ea n\u00e3o esteja de acordo com as condi\u00e7\u00f5es [&hellip;]<\/p>","protected":false},"author":1,"featured_media":0,"parent":0,"menu_order":0,"comment_status":"closed","ping_status":"closed","template":"","meta":{"_acf_changed":false,"_joinchat":[],"footnotes":""},"class_list":["post-123","page","type-page","status-publish","hentry"],"acf":[],"yoast_head":"<!-- This site is optimized with the Yoast SEO plugin v23.4 - https:\/\/yoast.com\/wordpress\/plugins\/seo\/ -->\n<title>Termos de uso - Brisa Tecidos Tecnol\u00f3gicos<\/title>\n<meta name=\"robots\" content=\"index, follow, max-snippet:-1, max-image-preview:large, max-video-preview:-1\" \/>\n<link rel=\"canonical\" href=\"https:\/\/ecobrisa.com\/es\/termos-de-uso\/\" \/>\n<meta property=\"og:locale\" content=\"es_ES\" \/>\n<meta property=\"og:type\" content=\"article\" \/>\n<meta property=\"og:title\" content=\"Termos de uso - Brisa Tecidos Tecnol\u00f3gicos\" \/>\n<meta property=\"og:description\" content=\"TERMOS DE USO \u2014 , pessoa jur\u00eddica de direito privado descreve, atrav\u00e9s deste documento, as regras de uso do site&nbsp; e qualquer outro site, loja ou aplicativo operado pelo propriet\u00e1rio. Ao navegar neste website, consideramos que voc\u00ea est\u00e1 de acordo com os Termos de Uso abaixo. Caso voc\u00ea n\u00e3o esteja de acordo com as condi\u00e7\u00f5es [&hellip;]\" \/>\n<meta property=\"og:url\" content=\"https:\/\/ecobrisa.com\/es\/termos-de-uso\/\" \/>\n<meta property=\"og:site_name\" content=\"Brisa Tecidos Tecnol\u00f3gicos\" \/>\n<meta property=\"article:modified_time\" content=\"2023-05-25T18:30:35+00:00\" \/>\n<meta name=\"twitter:card\" content=\"summary_large_image\" \/>\n<meta name=\"twitter:label1\" content=\"Tiempo de lectura\" \/>\n\t<meta name=\"twitter:data1\" content=\"6 minutos\" \/>\n<script type=\"application\/ld+json\" class=\"yoast-schema-graph\">{\"@context\":\"https:\/\/schema.org\",\"@graph\":[{\"@type\":\"WebPage\",\"@id\":\"https:\/\/ecobrisa.com\/termos-de-uso\/\",\"url\":\"https:\/\/ecobrisa.com\/termos-de-uso\/\",\"name\":\"Termos de uso - Brisa Tecidos Tecnol\u00f3gicos\",\"isPartOf\":{\"@id\":\"https:\/\/ecobrisa.com\/#website\"},\"datePublished\":\"2023-05-25T18:25:23+00:00\",\"dateModified\":\"2023-05-25T18:30:35+00:00\",\"breadcrumb\":{\"@id\":\"https:\/\/ecobrisa.com\/termos-de-uso\/#breadcrumb\"},\"inLanguage\":\"es\",\"potentialAction\":[{\"@type\":\"ReadAction\",\"target\":[\"https:\/\/ecobrisa.com\/termos-de-uso\/\"]}]},{\"@type\":\"BreadcrumbList\",\"@id\":\"https:\/\/ecobrisa.com\/termos-de-uso\/#breadcrumb\",\"itemListElement\":[{\"@type\":\"ListItem\",\"position\":1,\"name\":\"In\u00edcio\",\"item\":\"https:\/\/ecobrisa.com\/\"},{\"@type\":\"ListItem\",\"position\":2,\"name\":\"Termos de uso\"}]},{\"@type\":\"WebSite\",\"@id\":\"https:\/\/ecobrisa.com\/#website\",\"url\":\"https:\/\/ecobrisa.com\/\",\"name\":\"Brisa Tecidos Tecnol\u00f3gicos\",\"description\":\"\",\"publisher\":{\"@id\":\"https:\/\/ecobrisa.com\/#organization\"},\"potentialAction\":[{\"@type\":\"SearchAction\",\"target\":{\"@type\":\"EntryPoint\",\"urlTemplate\":\"https:\/\/ecobrisa.com\/?s={search_term_string}\"},\"query-input\":{\"@type\":\"PropertyValueSpecification\",\"valueRequired\":true,\"valueName\":\"search_term_string\"}}],\"inLanguage\":\"es\"},{\"@type\":\"Organization\",\"@id\":\"https:\/\/ecobrisa.com\/#organization\",\"name\":\"Brisa Tecidos Tecnol\u00f3gicos\",\"url\":\"https:\/\/ecobrisa.com\/\",\"logo\":{\"@type\":\"ImageObject\",\"inLanguage\":\"es\",\"@id\":\"https:\/\/ecobrisa.com\/#\/schema\/logo\/image\/\",\"url\":\"https:\/\/ecobrisa.com\/wp-content\/uploads\/2024\/06\/logo.png\",\"contentUrl\":\"https:\/\/ecobrisa.com\/wp-content\/uploads\/2024\/06\/logo.png\",\"width\":769,\"height\":364,\"caption\":\"Brisa Tecidos Tecnol\u00f3gicos\"},\"image\":{\"@id\":\"https:\/\/ecobrisa.com\/#\/schema\/logo\/image\/\"}}]}<\/script>\n<!-- \/ Yoast SEO plugin. -->","yoast_head_json":{"title":"Termos de uso - Brisa Tecidos Tecnol\u00f3gicos","robots":{"index":"index","follow":"follow","max-snippet":"max-snippet:-1","max-image-preview":"max-image-preview:large","max-video-preview":"max-video-preview:-1"},"canonical":"https:\/\/ecobrisa.com\/es\/termos-de-uso\/","og_locale":"es_ES","og_type":"article","og_title":"Termos de uso - Brisa Tecidos Tecnol\u00f3gicos","og_description":"TERMOS DE USO \u2014 , pessoa jur\u00eddica de direito privado descreve, atrav\u00e9s deste documento, as regras de uso do site&nbsp; e qualquer outro site, loja ou aplicativo operado pelo propriet\u00e1rio. Ao navegar neste website, consideramos que voc\u00ea est\u00e1 de acordo com os Termos de Uso abaixo. Caso voc\u00ea n\u00e3o esteja de acordo com as condi\u00e7\u00f5es [&hellip;]","og_url":"https:\/\/ecobrisa.com\/es\/termos-de-uso\/","og_site_name":"Brisa Tecidos Tecnol\u00f3gicos","article_modified_time":"2023-05-25T18:30:35+00:00","twitter_card":"summary_large_image","twitter_misc":{"Tiempo de lectura":"6 minutos"},"schema":{"@context":"https:\/\/schema.org","@graph":[{"@type":"WebPage","@id":"https:\/\/ecobrisa.com\/termos-de-uso\/","url":"https:\/\/ecobrisa.com\/termos-de-uso\/","name":"Termos de uso - Brisa Tecidos Tecnol\u00f3gicos","isPartOf":{"@id":"https:\/\/ecobrisa.com\/#website"},"datePublished":"2023-05-25T18:25:23+00:00","dateModified":"2023-05-25T18:30:35+00:00","breadcrumb":{"@id":"https:\/\/ecobrisa.com\/termos-de-uso\/#breadcrumb"},"inLanguage":"es","potentialAction":[{"@type":"ReadAction","target":["https:\/\/ecobrisa.com\/termos-de-uso\/"]}]},{"@type":"BreadcrumbList","@id":"https:\/\/ecobrisa.com\/termos-de-uso\/#breadcrumb","itemListElement":[{"@type":"ListItem","position":1,"name":"In\u00edcio","item":"https:\/\/ecobrisa.com\/"},{"@type":"ListItem","position":2,"name":"Termos de uso"}]},{"@type":"WebSite","@id":"https:\/\/ecobrisa.com\/#website","url":"https:\/\/ecobrisa.com\/","name":"Brisa Tecidos Tecnol\u00f3gicos","description":"","publisher":{"@id":"https:\/\/ecobrisa.com\/#organization"},"potentialAction":[{"@type":"SearchAction","target":{"@type":"EntryPoint","urlTemplate":"https:\/\/ecobrisa.com\/?s={search_term_string}"},"query-input":{"@type":"PropertyValueSpecification","valueRequired":true,"valueName":"search_term_string"}}],"inLanguage":"es"},{"@type":"Organization","@id":"https:\/\/ecobrisa.com\/#organization","name":"Brisa Tecidos Tecnol\u00f3gicos","url":"https:\/\/ecobrisa.com\/","logo":{"@type":"ImageObject","inLanguage":"es","@id":"https:\/\/ecobrisa.com\/#\/schema\/logo\/image\/","url":"https:\/\/ecobrisa.com\/wp-content\/uploads\/2024\/06\/logo.png","contentUrl":"https:\/\/ecobrisa.com\/wp-content\/uploads\/2024\/06\/logo.png","width":769,"height":364,"caption":"Brisa Tecidos Tecnol\u00f3gicos"},"image":{"@id":"https:\/\/ecobrisa.com\/#\/schema\/logo\/image\/"}}]}},"_links":{"self":[{"href":"https:\/\/ecobrisa.com\/es\/wp-json\/wp\/v2\/pages\/123","targetHints":{"allow":["GET"]}}],"collection":[{"href":"https:\/\/ecobrisa.com\/es\/wp-json\/wp\/v2\/pages"}],"about":[{"href":"https:\/\/ecobrisa.com\/es\/wp-json\/wp\/v2\/types\/page"}],"author":[{"embeddable":true,"href":"https:\/\/ecobrisa.com\/es\/wp-json\/wp\/v2\/users\/1"}],"replies":[{"embeddable":true,"href":"https:\/\/ecobrisa.com\/es\/wp-json\/wp\/v2\/comments?post=123"}],"version-history":[{"count":0,"href":"https:\/\/ecobrisa.com\/es\/wp-json\/wp\/v2\/pages\/123\/revisions"}],"wp:attachment":[{"href":"https:\/\/ecobrisa.com\/es\/wp-json\/wp\/v2\/media?parent=123"}],"curies":[{"name":"wp","href":"https:\/\/api.w.org\/{rel}","templated":true}]}}