{"id":342,"date":"2024-06-26T08:47:22","date_gmt":"2024-06-26T11:47:22","guid":{"rendered":"https:\/\/ecobrisa.com\/?page_id=342"},"modified":"2024-07-30T16:51:57","modified_gmt":"2024-07-30T19:51:57","slug":"novidades","status":"publish","type":"page","link":"https:\/\/ecobrisa.com\/es\/novidades\/","title":{"rendered":"Noticias"},"content":{"rendered":"<div data-elementor-type=\"wp-page\" data-elementor-id=\"342\" class=\"elementor elementor-342\" data-elementor-post-type=\"page\">\n\t\t\t\t<div class=\"elementor-element elementor-element-1d2ed10 e-flex e-con-boxed e-con e-parent\" data-id=\"1d2ed10\" data-element_type=\"container\">\n\t\t\t\t\t<div class=\"e-con-inner\">\n\t\t<div class=\"elementor-element elementor-element-745f025 e-con-full e-flex e-con e-child\" data-id=\"745f025\" data-element_type=\"container\">\n\t\t\t\t<div class=\"elementor-element elementor-element-f6cb453 elementor-widget elementor-widget-heading\" data-id=\"f6cb453\" data-element_type=\"widget\" data-widget_type=\"heading.default\">\n\t\t\t\t<div class=\"elementor-widget-container\">\n\t\t\t<style>\/*! elementor - v3.22.0 - 26-06-2024 *\/\n.elementor-heading-title{padding:0;margin:0;line-height:1}.elementor-widget-heading .elementor-heading-title[class*=elementor-size-]>a{color:inherit;font-size:inherit;line-height:inherit}.elementor-widget-heading .elementor-heading-title.elementor-size-small{font-size:15px}.elementor-widget-heading .elementor-heading-title.elementor-size-medium{font-size:19px}.elementor-widget-heading .elementor-heading-title.elementor-size-large{font-size:29px}.elementor-widget-heading .elementor-heading-title.elementor-size-xl{font-size:39px}.elementor-widget-heading .elementor-heading-title.elementor-size-xxl{font-size:59px}<\/style><h2 class=\"elementor-heading-title elementor-size-default\">NOTICIAS<\/h2>\t\t<\/div>\n\t\t\t\t<\/div>\n\t\t\t\t<div class=\"elementor-element elementor-element-fd9216f elementor-widget__width-initial elementor-widget elementor-widget-heading\" data-id=\"fd9216f\" data-element_type=\"widget\" data-widget_type=\"heading.default\">\n\t\t\t\t<div class=\"elementor-widget-container\">\n\t\t\t<h2 class=\"elementor-heading-title elementor-size-default\">Descubra las novedades en<span> Portafolio Brisa.<\/span><\/h2>\t\t<\/div>\n\t\t\t\t<\/div>\n\t\t\t\t<\/div>\n\t\t<div class=\"elementor-element elementor-element-0835b20 e-con-full e-flex e-con e-child\" data-id=\"0835b20\" data-element_type=\"container\">\n\t\t\t\t<div class=\"elementor-element elementor-element-bb3f569 elementor-widget__width-initial elementor-widget elementor-widget-text-editor\" data-id=\"bb3f569\" data-element_type=\"widget\" data-widget_type=\"text-editor.default\">\n\t\t\t\t<div class=\"elementor-widget-container\">\n\t\t\t<style>\/*! elementor - v3.22.0 - 26-06-2024 *\/\n.elementor-widget-text-editor.elementor-drop-cap-view-stacked .elementor-drop-cap{background-color:#69727d;color:#fff}.elementor-widget-text-editor.elementor-drop-cap-view-framed .elementor-drop-cap{color:#69727d;border:3px solid;background-color:transparent}.elementor-widget-text-editor:not(.elementor-drop-cap-view-default) .elementor-drop-cap{margin-top:8px}.elementor-widget-text-editor:not(.elementor-drop-cap-view-default) .elementor-drop-cap-letter{width:1em;height:1em}.elementor-widget-text-editor .elementor-drop-cap{float:left;text-align:center;line-height:1;font-size:50px}.elementor-widget-text-editor .elementor-drop-cap-letter{display:inline-block}<\/style>\t\t\t\t<p>Brisa est\u00e1 constantemente innovando, aportando m\u00e1s eficiencia y calidad a la creaci\u00f3n.<\/p>\t\t\t\t\t\t<\/div>\n\t\t\t\t<\/div>\n\t\t\t\t<\/div>\n\t\t\t\t\t<\/div>\n\t\t\t\t<\/div>\n\t\t<div class=\"elementor-element elementor-element-a68f9de e-flex e-con-boxed e-con e-parent\" data-id=\"a68f9de\" data-element_type=\"container\">\n\t\t\t\t\t<div class=\"e-con-inner\">\n\t\t\t\t<div class=\"elementor-element elementor-element-02d6ec6 elementor-widget elementor-widget-jet-listing-grid\" data-id=\"02d6ec6\" data-element_type=\"widget\" data-settings=\"{&quot;columns&quot;:&quot;2&quot;,&quot;columns_mobile&quot;:&quot;1&quot;}\" data-widget_type=\"jet-listing-grid.default\">\n\t\t\t\t<div class=\"elementor-widget-container\">\n\t\t\t<div class=\"jet-listing-grid jet-listing\"><div class=\"jet-listing-grid__items grid-col-desk-2 grid-col-tablet-2 grid-col-mobile-1 jet-listing-grid--920 jet-equal-columns__wrapper\" data-queried-id=\"342|WP_Post\" data-nav=\"{&quot;enabled&quot;:false,&quot;type&quot;:null,&quot;more_el&quot;:null,&quot;query&quot;:[],&quot;widget_settings&quot;:{&quot;lisitng_id&quot;:920,&quot;posts_num&quot;:6,&quot;columns&quot;:2,&quot;columns_tablet&quot;:2,&quot;columns_mobile&quot;:1,&quot;is_archive_template&quot;:&quot;&quot;,&quot;post_status&quot;:[&quot;publish&quot;],&quot;use_random_posts_num&quot;:&quot;&quot;,&quot;max_posts_num&quot;:9,&quot;not_found_message&quot;:&quot;No data was found&quot;,&quot;is_masonry&quot;:false,&quot;equal_columns_height&quot;:&quot;yes&quot;,&quot;use_load_more&quot;:&quot;&quot;,&quot;load_more_id&quot;:&quot;&quot;,&quot;load_more_type&quot;:&quot;click&quot;,&quot;load_more_offset&quot;:{&quot;unit&quot;:&quot;px&quot;,&quot;size&quot;:0,&quot;sizes&quot;:[]},&quot;use_custom_post_types&quot;:&quot;&quot;,&quot;custom_post_types&quot;:[],&quot;hide_widget_if&quot;:&quot;&quot;,&quot;carousel_enabled&quot;:&quot;&quot;,&quot;slides_to_scroll&quot;:&quot;1&quot;,&quot;arrows&quot;:&quot;true&quot;,&quot;arrow_icon&quot;:&quot;fa fa-angle-left&quot;,&quot;dots&quot;:&quot;&quot;,&quot;autoplay&quot;:&quot;true&quot;,&quot;pause_on_hover&quot;:&quot;true&quot;,&quot;autoplay_speed&quot;:5000,&quot;infinite&quot;:&quot;true&quot;,&quot;center_mode&quot;:&quot;&quot;,&quot;effect&quot;:&quot;slide&quot;,&quot;speed&quot;:500,&quot;inject_alternative_items&quot;:&quot;&quot;,&quot;injection_items&quot;:[],&quot;scroll_slider_enabled&quot;:&quot;&quot;,&quot;scroll_slider_on&quot;:[&quot;desktop&quot;,&quot;tablet&quot;,&quot;mobile&quot;],&quot;custom_query&quot;:false,&quot;custom_query_id&quot;:&quot;&quot;,&quot;_element_id&quot;:&quot;&quot;}}\" data-page=\"1\" data-pages=\"1\" data-listing-source=\"posts\" data-listing-id=\"920\" data-query-id=\"\"><div class=\"jet-listing-grid__item jet-listing-dynamic-post-2345 jet-equal-columns\" data-post-id=\"2345\" ><style type=\"text\/css\">.jet-listing-dynamic-post-2345 .elementor-element.elementor-element-9746eca:not(.elementor-motion-effects-element-type-background), .jet-listing-dynamic-post-2345 .elementor-element.elementor-element-9746eca > .elementor-motion-effects-container > .elementor-motion-effects-layer{background-image:url(\"https:\/\/ecobrisa.com\/wp-content\/uploads\/2024\/07\/Brisa-Performance-1-scaled.jpg\");}<\/style><div class=\"jet-engine-listing-overlay-wrap\" data-url=\"https:\/\/ecobrisa.com\/es\/novidade\/brisa-performance\/\">\t\t<div data-elementor-type=\"jet-listing-items\" data-elementor-id=\"920\" class=\"elementor elementor-920\" data-elementor-post-type=\"jet-engine\">\n\t\t\t\t<div class=\"elementor-element elementor-element-dea5144 e-flex e-con-boxed e-con e-parent\" data-id=\"dea5144\" data-element_type=\"container\" data-settings=\"{&quot;background_background&quot;:&quot;classic&quot;}\">\n\t\t\t\t\t<div class=\"e-con-inner\">\n\t\t<div class=\"elementor-element elementor-element-9746eca e-con-full e-flex e-con e-child\" data-id=\"9746eca\" data-element_type=\"container\" data-settings=\"{&quot;background_background&quot;:&quot;classic&quot;}\">\n\t\t<div class=\"elementor-element elementor-element-92fd922 e-con-full e-flex e-con e-child\" data-id=\"92fd922\" data-element_type=\"container\" data-settings=\"{&quot;background_background&quot;:&quot;classic&quot;}\">\n\t\t\t\t<div class=\"elementor-element elementor-element-bc5f988 elementor-widget elementor-widget-heading\" data-id=\"bc5f988\" data-element_type=\"widget\" data-widget_type=\"heading.default\">\n\t\t\t\t<div class=\"elementor-widget-container\">\n\t\t\t<h2 class=\"elementor-heading-title elementor-size-default\">\u00a1Noticias!<\/h2>\t\t<\/div>\n\t\t\t\t<\/div>\n\t\t\t\t<\/div>\n\t\t\t\t<\/div>\n\t\t<div class=\"elementor-element elementor-element-f614923 e-con-full e-flex e-con e-child\" data-id=\"f614923\" data-element_type=\"container\" data-settings=\"{&quot;background_background&quot;:&quot;classic&quot;}\">\n\t\t\t\t<div class=\"elementor-element elementor-element-ad882be elementor-widget elementor-widget-theme-post-title elementor-page-title elementor-widget-heading\" data-id=\"ad882be\" data-element_type=\"widget\" data-widget_type=\"theme-post-title.default\">\n\t\t\t\t<div class=\"elementor-widget-container\">\n\t\t\t<h1 class=\"elementor-heading-title elementor-size-default\">Supera los l\u00edmites con Brisa Performance<\/h1>\t\t<\/div>\n\t\t\t\t<\/div>\n\t\t\t\t<div class=\"elementor-element elementor-element-7e33a30 elementor-widget elementor-widget-theme-post-excerpt\" data-id=\"7e33a30\" data-element_type=\"widget\" data-widget_type=\"theme-post-excerpt.default\">\n\t\t\t\t<div class=\"elementor-widget-container\">\n\t\t\tUtilizamos innovaci\u00f3n y tecnolog\u00eda para crear soluciones en los segmentos de deportes y seguridad. Nuestros productos superan los est\u00e1ndares m\u00e1s estrictos del mercado y se desarrollan centr\u00e1ndose en la comodidad, la durabilidad y el rendimiento.\t\t<\/div>\n\t\t\t\t<\/div>\n\t\t\t\t<\/div>\n\t\t\t\t\t<\/div>\n\t\t\t\t<\/div>\n\t\t\t\t<\/div>\n\t\t<a href=\"https:\/\/ecobrisa.com\/es\/novidade\/brisa-performance\/\" class=\"jet-engine-listing-overlay-link\"><\/a><\/div><\/div><div class=\"jet-listing-grid__item jet-listing-dynamic-post-914 jet-equal-columns\" data-post-id=\"914\" ><style type=\"text\/css\">.jet-listing-dynamic-post-914 .elementor-element.elementor-element-9746eca:not(.elementor-motion-effects-element-type-background), .jet-listing-dynamic-post-914 .elementor-element.elementor-element-9746eca > .elementor-motion-effects-container > .elementor-motion-effects-layer{background-image:url(\"https:\/\/ecobrisa.com\/wp-content\/uploads\/2024\/06\/tenis.png\");}<\/style><div class=\"jet-engine-listing-overlay-wrap\" data-url=\"https:\/\/ecobrisa.com\/es\/novidade\/inovacao-e-sustentabilidade-com-a-linha-ecosense\/\">\t\t<div data-elementor-type=\"jet-listing-items\" data-elementor-id=\"920\" class=\"elementor elementor-920\" data-elementor-post-type=\"jet-engine\">\n\t\t\t\t<div class=\"elementor-element elementor-element-dea5144 e-flex e-con-boxed e-con e-parent\" data-id=\"dea5144\" data-element_type=\"container\" data-settings=\"{&quot;background_background&quot;:&quot;classic&quot;}\">\n\t\t\t\t\t<div class=\"e-con-inner\">\n\t\t<div class=\"elementor-element elementor-element-9746eca e-con-full e-flex e-con e-child\" data-id=\"9746eca\" data-element_type=\"container\" data-settings=\"{&quot;background_background&quot;:&quot;classic&quot;}\">\n\t\t<div class=\"elementor-element elementor-element-92fd922 e-con-full e-flex e-con e-child\" data-id=\"92fd922\" data-element_type=\"container\" data-settings=\"{&quot;background_background&quot;:&quot;classic&quot;}\">\n\t\t\t\t<div class=\"elementor-element elementor-element-bc5f988 elementor-widget elementor-widget-heading\" data-id=\"bc5f988\" data-element_type=\"widget\" data-widget_type=\"heading.default\">\n\t\t\t\t<div class=\"elementor-widget-container\">\n\t\t\t<h2 class=\"elementor-heading-title elementor-size-default\">\u00a1Noticias!<\/h2>\t\t<\/div>\n\t\t\t\t<\/div>\n\t\t\t\t<\/div>\n\t\t\t\t<\/div>\n\t\t<div class=\"elementor-element elementor-element-f614923 e-con-full e-flex e-con e-child\" data-id=\"f614923\" data-element_type=\"container\" data-settings=\"{&quot;background_background&quot;:&quot;classic&quot;}\">\n\t\t\t\t<div class=\"elementor-element elementor-element-ad882be elementor-widget elementor-widget-theme-post-title elementor-page-title elementor-widget-heading\" data-id=\"ad882be\" data-element_type=\"widget\" data-widget_type=\"theme-post-title.default\">\n\t\t\t\t<div class=\"elementor-widget-container\">\n\t\t\t<h1 class=\"elementor-heading-title elementor-size-default\">Innovaci\u00f3n y Sostenibilidad con la L\u00ednea Ecosense<\/h1>\t\t<\/div>\n\t\t\t\t<\/div>\n\t\t\t\t<div class=\"elementor-element elementor-element-7e33a30 elementor-widget elementor-widget-theme-post-excerpt\" data-id=\"7e33a30\" data-element_type=\"widget\" data-widget_type=\"theme-post-excerpt.default\">\n\t\t\t\t<div class=\"elementor-widget-container\">\n\t\t\t Brisa se complace en presentar una de las innovaciones m\u00e1s recientes en el mercado de laminados: la l\u00ednea Brisa Bio, que incluye los art\u00edculos Ecosense Soft Belle y Ecosense Flex Belle.\t\t<\/div>\n\t\t\t\t<\/div>\n\t\t\t\t<\/div>\n\t\t\t\t\t<\/div>\n\t\t\t\t<\/div>\n\t\t\t\t<\/div>\n\t\t<a href=\"https:\/\/ecobrisa.com\/es\/novidade\/inovacao-e-sustentabilidade-com-a-linha-ecosense\/\" class=\"jet-engine-listing-overlay-link\"><\/a><\/div><\/div><div class=\"jet-listing-grid__item jet-listing-dynamic-post-559 jet-equal-columns\" data-post-id=\"559\" ><style type=\"text\/css\">.jet-listing-dynamic-post-559 .elementor-element.elementor-element-9746eca:not(.elementor-motion-effects-element-type-background), .jet-listing-dynamic-post-559 .elementor-element.elementor-element-9746eca > .elementor-motion-effects-container > .elementor-motion-effects-layer{background-image:url(\"https:\/\/ecobrisa.com\/wp-content\/uploads\/2024\/06\/f4337ecfad31a03bbc27dae4ada49768-scaled.jpeg\");}<\/style><div class=\"jet-engine-listing-overlay-wrap\" data-url=\"https:\/\/ecobrisa.com\/es\/novidade\/ecosense-soft-belle\/\">\t\t<div data-elementor-type=\"jet-listing-items\" data-elementor-id=\"920\" class=\"elementor elementor-920\" data-elementor-post-type=\"jet-engine\">\n\t\t\t\t<div class=\"elementor-element elementor-element-dea5144 e-flex e-con-boxed e-con e-parent\" data-id=\"dea5144\" data-element_type=\"container\" data-settings=\"{&quot;background_background&quot;:&quot;classic&quot;}\">\n\t\t\t\t\t<div class=\"e-con-inner\">\n\t\t<div class=\"elementor-element elementor-element-9746eca e-con-full e-flex e-con e-child\" data-id=\"9746eca\" data-element_type=\"container\" data-settings=\"{&quot;background_background&quot;:&quot;classic&quot;}\">\n\t\t<div class=\"elementor-element elementor-element-92fd922 e-con-full e-flex e-con e-child\" data-id=\"92fd922\" data-element_type=\"container\" data-settings=\"{&quot;background_background&quot;:&quot;classic&quot;}\">\n\t\t\t\t<div class=\"elementor-element elementor-element-bc5f988 elementor-widget elementor-widget-heading\" data-id=\"bc5f988\" data-element_type=\"widget\" data-widget_type=\"heading.default\">\n\t\t\t\t<div class=\"elementor-widget-container\">\n\t\t\t<h2 class=\"elementor-heading-title elementor-size-default\">\u00a1Noticias!<\/h2>\t\t<\/div>\n\t\t\t\t<\/div>\n\t\t\t\t<\/div>\n\t\t\t\t<\/div>\n\t\t<div class=\"elementor-element elementor-element-f614923 e-con-full e-flex e-con e-child\" data-id=\"f614923\" data-element_type=\"container\" data-settings=\"{&quot;background_background&quot;:&quot;classic&quot;}\">\n\t\t\t\t<div class=\"elementor-element elementor-element-ad882be elementor-widget elementor-widget-theme-post-title elementor-page-title elementor-widget-heading\" data-id=\"ad882be\" data-element_type=\"widget\" data-widget_type=\"theme-post-title.default\">\n\t\t\t\t<div class=\"elementor-widget-container\">\n\t\t\t<h1 class=\"elementor-heading-title elementor-size-default\">Brisa Wear: Lanzamiento de Laminados para Ropa<\/h1>\t\t<\/div>\n\t\t\t\t<\/div>\n\t\t\t\t<div class=\"elementor-element elementor-element-7e33a30 elementor-widget elementor-widget-theme-post-excerpt\" data-id=\"7e33a30\" data-element_type=\"widget\" data-widget_type=\"theme-post-excerpt.default\">\n\t\t\t\t<div class=\"elementor-widget-container\">\n\t\t\tDesde nuestra fundaci\u00f3n, Brisa Tecidos Tecnol\u00f3gicas nos hemos dedicado a la innovaci\u00f3n en laminados de poliuretano, inicialmente enfocada al calzado, accesorios y equipamiento de seguridad y deportivo.\t\t<\/div>\n\t\t\t\t<\/div>\n\t\t\t\t<\/div>\n\t\t\t\t\t<\/div>\n\t\t\t\t<\/div>\n\t\t\t\t<\/div>\n\t\t<a href=\"https:\/\/ecobrisa.com\/es\/novidade\/ecosense-soft-belle\/\" class=\"jet-engine-listing-overlay-link\"><\/a><\/div><\/div><\/div><\/div>\t\t<\/div>\n\t\t\t\t<\/div>\n\t\t\t\t\t<\/div>\n\t\t\t\t<\/div>\n\t\t\t\t<\/div>","protected":false},"excerpt":{"rendered":"<p>NOTICIAS Ent\u00e9rate de las novedades del portafolio de Brisa. Brisa est\u00e1 constantemente innovando, aportando m\u00e1s eficiencia y calidad a la creaci\u00f3n.<\/p>","protected":false},"author":8,"featured_media":0,"parent":0,"menu_order":0,"comment_status":"closed","ping_status":"closed","template":"elementor_header_footer","meta":{"_acf_changed":false,"_joinchat":[],"footnotes":""},"class_list":["post-342","page","type-page","status-publish","hentry"],"acf":[],"yoast_head":"<!-- This site is optimized with the Yoast SEO plugin v23.4 - https:\/\/yoast.com\/wordpress\/plugins\/seo\/ -->\n<title>Novidades - Brisa Tecidos Tecnol\u00f3gicos<\/title>\n<meta name=\"robots\" content=\"index, follow, max-snippet:-1, max-image-preview:large, max-video-preview:-1\" \/>\n<link rel=\"canonical\" href=\"https:\/\/ecobrisa.com\/es\/novidades\/\" \/>\n<meta property=\"og:locale\" content=\"es_ES\" \/>\n<meta property=\"og:type\" content=\"article\" \/>\n<meta property=\"og:title\" content=\"Novidades - Brisa Tecidos Tecnol\u00f3gicos\" \/>\n<meta property=\"og:description\" content=\"NOVIDADES Saiba o que chegou de novo no portf\u00f3lio da Brisa. A Brisa est\u00e1 em constante inova\u00e7\u00e3o, trazendo mais efici\u00eancia e qualidade para criar.\" \/>\n<meta property=\"og:url\" content=\"https:\/\/ecobrisa.com\/es\/novidades\/\" \/>\n<meta property=\"og:site_name\" content=\"Brisa Tecidos Tecnol\u00f3gicos\" \/>\n<meta property=\"article:modified_time\" content=\"2024-07-30T19:51:57+00:00\" \/>\n<meta name=\"twitter:card\" content=\"summary_large_image\" \/>\n<script type=\"application\/ld+json\" class=\"yoast-schema-graph\">{\"@context\":\"https:\/\/schema.org\",\"@graph\":[{\"@type\":\"WebPage\",\"@id\":\"https:\/\/ecobrisa.com\/novidades\/\",\"url\":\"https:\/\/ecobrisa.com\/novidades\/\",\"name\":\"Novidades - Brisa Tecidos Tecnol\u00f3gicos\",\"isPartOf\":{\"@id\":\"https:\/\/ecobrisa.com\/#website\"},\"datePublished\":\"2024-06-26T11:47:22+00:00\",\"dateModified\":\"2024-07-30T19:51:57+00:00\",\"breadcrumb\":{\"@id\":\"https:\/\/ecobrisa.com\/novidades\/#breadcrumb\"},\"inLanguage\":\"es\",\"potentialAction\":[{\"@type\":\"ReadAction\",\"target\":[\"https:\/\/ecobrisa.com\/novidades\/\"]}]},{\"@type\":\"BreadcrumbList\",\"@id\":\"https:\/\/ecobrisa.com\/novidades\/#breadcrumb\",\"itemListElement\":[{\"@type\":\"ListItem\",\"position\":1,\"name\":\"In\u00edcio\",\"item\":\"https:\/\/ecobrisa.com\/\"},{\"@type\":\"ListItem\",\"position\":2,\"name\":\"Novidades\"}]},{\"@type\":\"WebSite\",\"@id\":\"https:\/\/ecobrisa.com\/#website\",\"url\":\"https:\/\/ecobrisa.com\/\",\"name\":\"Brisa Tecidos Tecnol\u00f3gicos\",\"description\":\"\",\"publisher\":{\"@id\":\"https:\/\/ecobrisa.com\/#organization\"},\"potentialAction\":[{\"@type\":\"SearchAction\",\"target\":{\"@type\":\"EntryPoint\",\"urlTemplate\":\"https:\/\/ecobrisa.com\/?s={search_term_string}\"},\"query-input\":{\"@type\":\"PropertyValueSpecification\",\"valueRequired\":true,\"valueName\":\"search_term_string\"}}],\"inLanguage\":\"es\"},{\"@type\":\"Organization\",\"@id\":\"https:\/\/ecobrisa.com\/#organization\",\"name\":\"Brisa Tecidos Tecnol\u00f3gicos\",\"url\":\"https:\/\/ecobrisa.com\/\",\"logo\":{\"@type\":\"ImageObject\",\"inLanguage\":\"es\",\"@id\":\"https:\/\/ecobrisa.com\/#\/schema\/logo\/image\/\",\"url\":\"https:\/\/ecobrisa.com\/wp-content\/uploads\/2024\/06\/logo.png\",\"contentUrl\":\"https:\/\/ecobrisa.com\/wp-content\/uploads\/2024\/06\/logo.png\",\"width\":769,\"height\":364,\"caption\":\"Brisa Tecidos Tecnol\u00f3gicos\"},\"image\":{\"@id\":\"https:\/\/ecobrisa.com\/#\/schema\/logo\/image\/\"}}]}<\/script>\n<!-- \/ Yoast SEO plugin. -->","yoast_head_json":{"title":"Novidades - Brisa Tecidos Tecnol\u00f3gicos","robots":{"index":"index","follow":"follow","max-snippet":"max-snippet:-1","max-image-preview":"max-image-preview:large","max-video-preview":"max-video-preview:-1"},"canonical":"https:\/\/ecobrisa.com\/es\/novidades\/","og_locale":"es_ES","og_type":"article","og_title":"Novidades - Brisa Tecidos Tecnol\u00f3gicos","og_description":"NOVIDADES Saiba o que chegou de novo no portf\u00f3lio da Brisa. A Brisa est\u00e1 em constante inova\u00e7\u00e3o, trazendo mais efici\u00eancia e qualidade para criar.","og_url":"https:\/\/ecobrisa.com\/es\/novidades\/","og_site_name":"Brisa Tecidos Tecnol\u00f3gicos","article_modified_time":"2024-07-30T19:51:57+00:00","twitter_card":"summary_large_image","schema":{"@context":"https:\/\/schema.org","@graph":[{"@type":"WebPage","@id":"https:\/\/ecobrisa.com\/novidades\/","url":"https:\/\/ecobrisa.com\/novidades\/","name":"Novidades - Brisa Tecidos Tecnol\u00f3gicos","isPartOf":{"@id":"https:\/\/ecobrisa.com\/#website"},"datePublished":"2024-06-26T11:47:22+00:00","dateModified":"2024-07-30T19:51:57+00:00","breadcrumb":{"@id":"https:\/\/ecobrisa.com\/novidades\/#breadcrumb"},"inLanguage":"es","potentialAction":[{"@type":"ReadAction","target":["https:\/\/ecobrisa.com\/novidades\/"]}]},{"@type":"BreadcrumbList","@id":"https:\/\/ecobrisa.com\/novidades\/#breadcrumb","itemListElement":[{"@type":"ListItem","position":1,"name":"In\u00edcio","item":"https:\/\/ecobrisa.com\/"},{"@type":"ListItem","position":2,"name":"Novidades"}]},{"@type":"WebSite","@id":"https:\/\/ecobrisa.com\/#website","url":"https:\/\/ecobrisa.com\/","name":"Brisa Tecidos Tecnol\u00f3gicos","description":"","publisher":{"@id":"https:\/\/ecobrisa.com\/#organization"},"potentialAction":[{"@type":"SearchAction","target":{"@type":"EntryPoint","urlTemplate":"https:\/\/ecobrisa.com\/?s={search_term_string}"},"query-input":{"@type":"PropertyValueSpecification","valueRequired":true,"valueName":"search_term_string"}}],"inLanguage":"es"},{"@type":"Organization","@id":"https:\/\/ecobrisa.com\/#organization","name":"Brisa Tecidos Tecnol\u00f3gicos","url":"https:\/\/ecobrisa.com\/","logo":{"@type":"ImageObject","inLanguage":"es","@id":"https:\/\/ecobrisa.com\/#\/schema\/logo\/image\/","url":"https:\/\/ecobrisa.com\/wp-content\/uploads\/2024\/06\/logo.png","contentUrl":"https:\/\/ecobrisa.com\/wp-content\/uploads\/2024\/06\/logo.png","width":769,"height":364,"caption":"Brisa Tecidos Tecnol\u00f3gicos"},"image":{"@id":"https:\/\/ecobrisa.com\/#\/schema\/logo\/image\/"}}]}},"_links":{"self":[{"href":"https:\/\/ecobrisa.com\/es\/wp-json\/wp\/v2\/pages\/342","targetHints":{"allow":["GET"]}}],"collection":[{"href":"https:\/\/ecobrisa.com\/es\/wp-json\/wp\/v2\/pages"}],"about":[{"href":"https:\/\/ecobrisa.com\/es\/wp-json\/wp\/v2\/types\/page"}],"author":[{"embeddable":true,"href":"https:\/\/ecobrisa.com\/es\/wp-json\/wp\/v2\/users\/8"}],"replies":[{"embeddable":true,"href":"https:\/\/ecobrisa.com\/es\/wp-json\/wp\/v2\/comments?post=342"}],"version-history":[{"count":0,"href":"https:\/\/ecobrisa.com\/es\/wp-json\/wp\/v2\/pages\/342\/revisions"}],"wp:attachment":[{"href":"https:\/\/ecobrisa.com\/es\/wp-json\/wp\/v2\/media?parent=342"}],"curies":[{"name":"wp","href":"https:\/\/api.w.org\/{rel}","templated":true}]}}