{"id":346,"date":"2024-06-26T08:48:09","date_gmt":"2024-06-26T11:48:09","guid":{"rendered":"https:\/\/ecobrisa.com\/?page_id=346"},"modified":"2025-10-23T16:03:51","modified_gmt":"2025-10-23T19:03:51","slug":"sustentabilidade","status":"publish","type":"page","link":"https:\/\/ecobrisa.com\/es\/sustentabilidade\/","title":{"rendered":"Sostenibilidad"},"content":{"rendered":"<div data-elementor-type=\"wp-page\" data-elementor-id=\"346\" class=\"elementor elementor-346\" data-elementor-post-type=\"page\">\n\t\t\t\t<div class=\"elementor-element elementor-element-29e9e91 e-flex e-con-boxed e-con e-parent\" data-id=\"29e9e91\" data-element_type=\"container\">\n\t\t\t\t\t<div class=\"e-con-inner\">\n\t\t\t\t<div class=\"elementor-element elementor-element-27e198d elementor-widget elementor-widget-heading\" data-id=\"27e198d\" data-element_type=\"widget\" data-widget_type=\"heading.default\">\n\t\t\t\t<div class=\"elementor-widget-container\">\n\t\t\t<style>\/*! elementor - v3.22.0 - 26-06-2024 *\/\n.elementor-heading-title{padding:0;margin:0;line-height:1}.elementor-widget-heading .elementor-heading-title[class*=elementor-size-]>a{color:inherit;font-size:inherit;line-height:inherit}.elementor-widget-heading .elementor-heading-title.elementor-size-small{font-size:15px}.elementor-widget-heading .elementor-heading-title.elementor-size-medium{font-size:19px}.elementor-widget-heading .elementor-heading-title.elementor-size-large{font-size:29px}.elementor-widget-heading .elementor-heading-title.elementor-size-xl{font-size:39px}.elementor-widget-heading .elementor-heading-title.elementor-size-xxl{font-size:59px}<\/style><h2 class=\"elementor-heading-title elementor-size-default\">trabajamos con <span>Sostenibilidad<\/span><\/h2>\t\t<\/div>\n\t\t\t\t<\/div>\n\t\t\t\t<div class=\"elementor-element elementor-element-93938b1 elementor-widget__width-initial elementor-widget elementor-widget-text-editor\" data-id=\"93938b1\" data-element_type=\"widget\" data-widget_type=\"text-editor.default\">\n\t\t\t\t<div class=\"elementor-widget-container\">\n\t\t\t<style>\/*! elementor - v3.22.0 - 26-06-2024 *\/\n.elementor-widget-text-editor.elementor-drop-cap-view-stacked .elementor-drop-cap{background-color:#69727d;color:#fff}.elementor-widget-text-editor.elementor-drop-cap-view-framed .elementor-drop-cap{color:#69727d;border:3px solid;background-color:transparent}.elementor-widget-text-editor:not(.elementor-drop-cap-view-default) .elementor-drop-cap{margin-top:8px}.elementor-widget-text-editor:not(.elementor-drop-cap-view-default) .elementor-drop-cap-letter{width:1em;height:1em}.elementor-widget-text-editor .elementor-drop-cap{float:left;text-align:center;line-height:1;font-size:50px}.elementor-widget-text-editor .elementor-drop-cap-letter{display:inline-block}<\/style>\t\t\t\t<p>En cada paso de nuestro proceso, garantizar que nuestros productos no solo cumplan sino que tambi\u00e9n superen las expectativas de responsabilidad ambiental y social.<\/p>\t\t\t\t\t\t<\/div>\n\t\t\t\t<\/div>\n\t\t\t\t<div class=\"elementor-element elementor-element-5439976 elementor-widget elementor-widget-video\" data-id=\"5439976\" data-element_type=\"widget\" data-settings=\"{&quot;youtube_url&quot;:&quot;https:\\\/\\\/www.youtube.com\\\/watch?v=HuVWsi5eOdQ&quot;,&quot;video_type&quot;:&quot;youtube&quot;,&quot;controls&quot;:&quot;yes&quot;}\" data-widget_type=\"video.default\">\n\t\t\t\t<div class=\"elementor-widget-container\">\n\t\t\t<style>\/*! elementor - v3.22.0 - 26-06-2024 *\/\n.elementor-widget-video .elementor-widget-container{overflow:hidden;transform:translateZ(0)}.elementor-widget-video .elementor-wrapper{aspect-ratio:var(--video-aspect-ratio)}.elementor-widget-video .elementor-wrapper iframe,.elementor-widget-video .elementor-wrapper video{height:100%;width:100%;display:flex;border:none;background-color:#000}@supports not (aspect-ratio:1\/1){.elementor-widget-video .elementor-wrapper{position:relative;overflow:hidden;height:0;padding-bottom:calc(100% \/ var(--video-aspect-ratio))}.elementor-widget-video .elementor-wrapper iframe,.elementor-widget-video .elementor-wrapper video{position:absolute;top:0;right:0;bottom:0;left:0}}.elementor-widget-video .elementor-open-inline .elementor-custom-embed-image-overlay{position:absolute;top:0;right:0;bottom:0;left:0;background-size:cover;background-position:50%}.elementor-widget-video .elementor-custom-embed-image-overlay{cursor:pointer;text-align:center}.elementor-widget-video .elementor-custom-embed-image-overlay:hover .elementor-custom-embed-play i{opacity:1}.elementor-widget-video .elementor-custom-embed-image-overlay img{display:block;width:100%;aspect-ratio:var(--video-aspect-ratio);-o-object-fit:cover;object-fit:cover;-o-object-position:center center;object-position:center center}@supports not (aspect-ratio:1\/1){.elementor-widget-video .elementor-custom-embed-image-overlay{position:relative;overflow:hidden;height:0;padding-bottom:calc(100% \/ var(--video-aspect-ratio))}.elementor-widget-video .elementor-custom-embed-image-overlay img{position:absolute;top:0;right:0;bottom:0;left:0}}.elementor-widget-video .e-hosted-video .elementor-video{-o-object-fit:cover;object-fit:cover}.e-con-inner>.elementor-widget-video,.e-con>.elementor-widget-video{width:var(--container-widget-width);--flex-grow:var(--container-widget-flex-grow)}<\/style>\t\t<div class=\"elementor-wrapper elementor-open-inline\">\n\t\t\t<div class=\"elementor-video\"><\/div>\t\t<\/div>\n\t\t\t\t<\/div>\n\t\t\t\t<\/div>\n\t\t\t\t\t<\/div>\n\t\t\t\t<\/div>\n\t\t<div class=\"elementor-element elementor-element-0f684a3 e-flex e-con-boxed e-con e-parent\" data-id=\"0f684a3\" data-element_type=\"container\">\n\t\t\t\t\t<div class=\"e-con-inner\">\n\t\t<div class=\"elementor-element elementor-element-0e6dea1 e-con-full e-flex e-con e-child\" data-id=\"0e6dea1\" data-element_type=\"container\" data-settings=\"{&quot;background_background&quot;:&quot;classic&quot;}\">\n\t\t<div class=\"elementor-element elementor-element-30a7666 e-con-full e-flex e-con e-child\" data-id=\"30a7666\" data-element_type=\"container\">\n\t\t\t\t<div class=\"elementor-element elementor-element-76fd5a9 elementor-widget elementor-widget-heading\" data-id=\"76fd5a9\" data-element_type=\"widget\" data-widget_type=\"heading.default\">\n\t\t\t\t<div class=\"elementor-widget-container\">\n\t\t\t<h2 class=\"elementor-heading-title elementor-size-default\">SOSTENIBILIDAD<\/h2>\t\t<\/div>\n\t\t\t\t<\/div>\n\t\t\t\t<div class=\"elementor-element elementor-element-dc3c4b3 elementor-widget elementor-widget-text-editor\" data-id=\"dc3c4b3\" data-element_type=\"widget\" data-widget_type=\"text-editor.default\">\n\t\t\t\t<div class=\"elementor-widget-container\">\n\t\t\t\t\t\t\t<p>En Brisa la sustentabilidad es m\u00e1s que una pol\u00edtica; es una pr\u00e1ctica integrada en todos los aspectos de nuestra producci\u00f3n. Comprometidos con el bienestar del planeta, adoptamos procesos que minimizan los impactos ambientales, desde capturar y reutilizar agua de lluvia hasta destilar y reutilizar solventes. Nuestros esfuerzos van m\u00e1s all\u00e1 del cumplimiento normativo, buscando la innovaci\u00f3n constante en pr\u00e1cticas ecoeficientes que aseguren la protecci\u00f3n de los recursos naturales y promuevan un futuro m\u00e1s sostenible para todos.<\/p>\t\t\t\t\t\t<\/div>\n\t\t\t\t<\/div>\n\t\t\t\t<\/div>\n\t\t<div class=\"elementor-element elementor-element-b98cec2 e-con-full e-flex e-con e-child\" data-id=\"b98cec2\" data-element_type=\"container\">\n\t\t\t\t<div class=\"elementor-element elementor-element-cb418d5 elementor-widget__width-initial elementor-widget elementor-widget-heading\" data-id=\"cb418d5\" data-element_type=\"widget\" data-widget_type=\"heading.default\">\n\t\t\t\t<div class=\"elementor-widget-container\">\n\t\t\t<h2 class=\"elementor-heading-title elementor-size-default\">\u00a1Compromiso real con el futuro de nuestro planeta!<\/h2>\t\t<\/div>\n\t\t\t\t<\/div>\n\t\t\t\t<\/div>\n\t\t\t\t<\/div>\n\t\t\t\t\t<\/div>\n\t\t\t\t<\/div>\n\t\t<div class=\"elementor-element elementor-element-dfbe221 e-flex e-con-boxed e-con e-parent\" data-id=\"dfbe221\" data-element_type=\"container\">\n\t\t\t\t\t<div class=\"e-con-inner\">\n\t\t<div class=\"elementor-element elementor-element-3d3c2a7 e-con-full e-flex e-con e-child\" data-id=\"3d3c2a7\" data-element_type=\"container\" data-settings=\"{&quot;background_background&quot;:&quot;classic&quot;}\">\n\t\t<div class=\"elementor-element elementor-element-4095b14 e-con-full e-flex e-con e-child\" data-id=\"4095b14\" data-element_type=\"container\">\n\t\t\t\t<div class=\"elementor-element elementor-element-49b1226 elementor-view-default elementor-widget elementor-widget-icon\" data-id=\"49b1226\" data-element_type=\"widget\" data-widget_type=\"icon.default\">\n\t\t\t\t<div class=\"elementor-widget-container\">\n\t\t\t\t\t<div class=\"elementor-icon-wrapper\">\n\t\t\t<div class=\"elementor-icon\">\n\t\t\t<svg xmlns=\"http:\/\/www.w3.org\/2000\/svg\" width=\"32\" height=\"32\" viewbox=\"0 0 32 32\" fill=\"none\"><circle cx=\"16\" cy=\"16\" r=\"16\" fill=\"white\"><\/circle><path d=\"M16 8L17.7961 13.5279H23.6085L18.9062 16.9443L20.7023 22.4721L16 19.0557L11.2977 22.4721L13.0938 16.9443L8.39155 13.5279H14.2039L16 8Z\" fill=\"#3494EE\"><\/path><\/svg>\t\t\t<\/div>\n\t\t<\/div>\n\t\t\t\t<\/div>\n\t\t\t\t<\/div>\n\t\t\t\t<div class=\"elementor-element elementor-element-801a571 elementor-view-default elementor-widget elementor-widget-icon\" data-id=\"801a571\" data-element_type=\"widget\" data-widget_type=\"icon.default\">\n\t\t\t\t<div class=\"elementor-widget-container\">\n\t\t\t\t\t<div class=\"elementor-icon-wrapper\">\n\t\t\t<div class=\"elementor-icon\">\n\t\t\t<svg xmlns=\"http:\/\/www.w3.org\/2000\/svg\" width=\"32\" height=\"32\" viewbox=\"0 0 32 32\" fill=\"none\"><circle cx=\"16\" cy=\"16\" r=\"16\" fill=\"white\"><\/circle><path d=\"M16 8L17.7961 13.5279H23.6085L18.9062 16.9443L20.7023 22.4721L16 19.0557L11.2977 22.4721L13.0938 16.9443L8.39155 13.5279H14.2039L16 8Z\" fill=\"#3494EE\"><\/path><\/svg>\t\t\t<\/div>\n\t\t<\/div>\n\t\t\t\t<\/div>\n\t\t\t\t<\/div>\n\t\t\t\t<div class=\"elementor-element elementor-element-1395ffb elementor-view-default elementor-widget elementor-widget-icon\" data-id=\"1395ffb\" data-element_type=\"widget\" data-widget_type=\"icon.default\">\n\t\t\t\t<div class=\"elementor-widget-container\">\n\t\t\t\t\t<div class=\"elementor-icon-wrapper\">\n\t\t\t<div class=\"elementor-icon\">\n\t\t\t<svg xmlns=\"http:\/\/www.w3.org\/2000\/svg\" width=\"32\" height=\"32\" viewbox=\"0 0 32 32\" fill=\"none\"><circle cx=\"16\" cy=\"16\" r=\"16\" fill=\"white\"><\/circle><path d=\"M16 8L17.7961 13.5279H23.6085L18.9062 16.9443L20.7023 22.4721L16 19.0557L11.2977 22.4721L13.0938 16.9443L8.39155 13.5279H14.2039L16 8Z\" fill=\"#3494EE\"><\/path><\/svg>\t\t\t<\/div>\n\t\t<\/div>\n\t\t\t\t<\/div>\n\t\t\t\t<\/div>\n\t\t\t\t<div class=\"elementor-element elementor-element-3a0d295 elementor-view-default elementor-widget elementor-widget-icon\" data-id=\"3a0d295\" data-element_type=\"widget\" data-widget_type=\"icon.default\">\n\t\t\t\t<div class=\"elementor-widget-container\">\n\t\t\t\t\t<div class=\"elementor-icon-wrapper\">\n\t\t\t<div class=\"elementor-icon\">\n\t\t\t<svg xmlns=\"http:\/\/www.w3.org\/2000\/svg\" width=\"32\" height=\"32\" viewbox=\"0 0 32 32\" fill=\"none\"><circle cx=\"16\" cy=\"16\" r=\"16\" fill=\"white\"><\/circle><path d=\"M16 8L17.7961 13.5279H23.6085L18.9062 16.9443L20.7023 22.4721L16 19.0557L11.2977 22.4721L13.0938 16.9443L8.39155 13.5279H14.2039L16 8Z\" fill=\"#3494EE\"><\/path><\/svg>\t\t\t<\/div>\n\t\t<\/div>\n\t\t\t\t<\/div>\n\t\t\t\t<\/div>\n\t\t\t\t<div class=\"elementor-element elementor-element-1bf0886 elementor-view-default elementor-widget elementor-widget-icon\" data-id=\"1bf0886\" data-element_type=\"widget\" data-widget_type=\"icon.default\">\n\t\t\t\t<div class=\"elementor-widget-container\">\n\t\t\t\t\t<div class=\"elementor-icon-wrapper\">\n\t\t\t<div class=\"elementor-icon\">\n\t\t\t<svg xmlns=\"http:\/\/www.w3.org\/2000\/svg\" width=\"32\" height=\"32\" viewbox=\"0 0 32 32\" fill=\"none\"><circle cx=\"16\" cy=\"16\" r=\"16\" fill=\"white\"><\/circle><path d=\"M16 8L17.7961 13.5279H23.6085L18.9062 16.9443L20.7023 22.4721L16 19.0557L11.2977 22.4721L13.0938 16.9443L8.39155 13.5279H14.2039L16 8Z\" fill=\"#3494EE\"><\/path><\/svg>\t\t\t<\/div>\n\t\t<\/div>\n\t\t\t\t<\/div>\n\t\t\t\t<\/div>\n\t\t\t\t<\/div>\n\t\t\t\t<div class=\"elementor-element elementor-element-85dd114 elementor-widget elementor-widget-heading\" data-id=\"85dd114\" data-element_type=\"widget\" data-widget_type=\"heading.default\">\n\t\t\t\t<div class=\"elementor-widget-container\">\n\t\t\t<h2 class=\"elementor-heading-title elementor-size-default\">Crear responsablemente es nuestra misi\u00f3n: <\/h2>\t\t<\/div>\n\t\t\t\t<\/div>\n\t\t\t\t<div class=\"elementor-element elementor-element-85e1983 elementor-widget elementor-widget-text-editor\" data-id=\"85e1983\" data-element_type=\"widget\" data-widget_type=\"text-editor.default\">\n\t\t\t\t<div class=\"elementor-widget-container\">\n\t\t\t\t\t\t\t<p>la certificacion <strong>Origen Sostenible<\/strong> es el \u00fanico en el mundo que eval\u00faa el sector del calzado. Centr\u00e1ndose en tecnolog\u00edas y soluciones sostenibles, los indicadores son cinco: <strong>econ\u00f3mico<\/strong>, <strong>ambiental<\/strong>, <strong>social<\/strong>, <strong>cultural<\/strong> y <strong>gesti\u00f3n de la sostenibilidad<\/strong>.<\/p>\t\t\t\t\t\t<\/div>\n\t\t\t\t<\/div>\n\t\t<div class=\"elementor-element elementor-element-ca9de1c e-con-full e-flex e-con e-child\" data-id=\"ca9de1c\" data-element_type=\"container\">\n\t\t\t\t<div class=\"elementor-element elementor-element-eb6604c elementor-align-justify elementor-widget elementor-widget-button\" data-id=\"eb6604c\" data-element_type=\"widget\" data-widget_type=\"button.default\">\n\t\t\t\t<div class=\"elementor-widget-container\">\n\t\t\t\t\t<div class=\"elementor-button-wrapper\">\n\t\t\t<a class=\"elementor-button elementor-button-link elementor-size-sm\" href=\"https:\/\/ecobrisa.com\/wp-content\/uploads\/2025\/10\/GS02-PO.GEQT-0011-POLITICA-DE-SUSTENTABILIDADE.pdf\" target=\"_blank\">\n\t\t\t\t\t\t<span class=\"elementor-button-content-wrapper\">\n\t\t\t\t\t\t\t\t\t<span class=\"elementor-button-text\">Pol\u00edtica de Sostenibilidad<\/span>\n\t\t\t\t\t<\/span>\n\t\t\t\t\t<\/a>\n\t\t<\/div>\n\t\t\t\t<\/div>\n\t\t\t\t<\/div>\n\t\t\t\t<div class=\"elementor-element elementor-element-d584eff elementor-align-justify elementor-widget elementor-widget-button\" data-id=\"d584eff\" data-element_type=\"widget\" data-widget_type=\"button.default\">\n\t\t\t\t<div class=\"elementor-widget-container\">\n\t\t\t\t\t<div class=\"elementor-button-wrapper\">\n\t\t\t<a class=\"elementor-button elementor-button-link elementor-size-sm\" href=\"https:\/\/ecobrisa.com\/wp-content\/uploads\/2025\/10\/A25-PO.GEQT-0010-POLITICA-DE-SUBSTANCIAS-RESTRITAS.pdf\" target=\"_blank\">\n\t\t\t\t\t\t<span class=\"elementor-button-content-wrapper\">\n\t\t\t\t\t\t\t\t\t<span class=\"elementor-button-text\">Pol\u00edtica de sustancias restringidas<\/span>\n\t\t\t\t\t<\/span>\n\t\t\t\t\t<\/a>\n\t\t<\/div>\n\t\t\t\t<\/div>\n\t\t\t\t<\/div>\n\t\t\t\t<\/div>\n\t\t\t\t<\/div>\n\t\t<div class=\"elementor-element elementor-element-a8deaa8 e-con-full e-flex e-con e-child\" data-id=\"a8deaa8\" data-element_type=\"container\">\n\t\t\t\t<div class=\"elementor-element elementor-element-66de114 elementor-widget elementor-widget-image\" data-id=\"66de114\" data-element_type=\"widget\" data-widget_type=\"image.default\">\n\t\t\t\t<div class=\"elementor-widget-container\">\n\t\t\t<style>\/*! elementor - v3.22.0 - 26-06-2024 *\/\n.elementor-widget-image{text-align:center}.elementor-widget-image a{display:inline-block}.elementor-widget-image a img[src$=\".svg\"]{width:48px}.elementor-widget-image img{vertical-align:middle;display:inline-block}<\/style>\t\t\t\t\t\t\t\t\t\t<img fetchpriority=\"high\" decoding=\"async\" width=\"1188\" height=\"1626\" src=\"https:\/\/ecobrisa.com\/wp-content\/uploads\/2024\/07\/selo-ouro.png\" class=\"attachment-full size-full wp-image-2437\" alt=\"\" srcset=\"https:\/\/ecobrisa.com\/wp-content\/uploads\/2024\/07\/selo-ouro.png 1188w, https:\/\/ecobrisa.com\/wp-content\/uploads\/2024\/07\/selo-ouro-219x300.png 219w, https:\/\/ecobrisa.com\/wp-content\/uploads\/2024\/07\/selo-ouro-748x1024.png 748w, https:\/\/ecobrisa.com\/wp-content\/uploads\/2024\/07\/selo-ouro-768x1051.png 768w, https:\/\/ecobrisa.com\/wp-content\/uploads\/2024\/07\/selo-ouro-1122x1536.png 1122w, https:\/\/ecobrisa.com\/wp-content\/uploads\/2024\/07\/selo-ouro-9x12.png 9w\" sizes=\"(max-width: 1188px) 100vw, 1188px\" \/>\t\t\t\t\t\t\t\t\t\t\t\t\t<\/div>\n\t\t\t\t<\/div>\n\t\t\t\t<\/div>\n\t\t\t\t\t<\/div>\n\t\t\t\t<\/div>\n\t\t\t\t<\/div>","protected":false},"excerpt":{"rendered":"<p>Trabajamos con la Sostenibilidad en cada etapa de nuestro proceso, asegurando que nuestros productos no solo cumplan, sino que tambi\u00e9n superen las expectativas de responsabilidad ambiental y social. https:\/\/www.youtube.com\/watch?v=HuVWsi5eOdQ SOSTENIBILIDAD En Brisa la sostenibilidad es m\u00e1s que una pol\u00edtica; es una pr\u00e1ctica integrada en todos los aspectos de nuestra producci\u00f3n. Comprometidos con el bienestar del planeta, [\u2026]<\/p>","protected":false},"author":8,"featured_media":0,"parent":0,"menu_order":0,"comment_status":"closed","ping_status":"closed","template":"elementor_header_footer","meta":{"_acf_changed":false,"_joinchat":[],"footnotes":""},"class_list":["post-346","page","type-page","status-publish","hentry"],"acf":[],"yoast_head":"<!-- This site is optimized with the Yoast SEO plugin v23.4 - https:\/\/yoast.com\/wordpress\/plugins\/seo\/ -->\n<title>Sustentabilidade - Brisa Tecidos Tecnol\u00f3gicos<\/title>\n<meta name=\"robots\" content=\"index, follow, max-snippet:-1, max-image-preview:large, max-video-preview:-1\" \/>\n<link rel=\"canonical\" href=\"https:\/\/ecobrisa.com\/es\/sustentabilidade\/\" \/>\n<meta property=\"og:locale\" content=\"es_ES\" \/>\n<meta property=\"og:type\" content=\"article\" \/>\n<meta property=\"og:title\" content=\"Sustentabilidade - Brisa Tecidos Tecnol\u00f3gicos\" \/>\n<meta property=\"og:description\" content=\"Trabalhamos com a Sustentabilidade Em cada etapa de nosso processo, garantindo que nossos produtos n\u00e3o apenas atendam, mas tamb\u00e9m superem as expectativas de responsabilidade ambiental e social. https:\/\/www.youtube.com\/watch?v=HuVWsi5eOdQ SUSTENTABILIDADE Na Brisa, a sustentabilidade \u00e9 mais do que uma pol\u00edtica; \u00e9 uma pr\u00e1tica integrada em cada aspecto de nossa produ\u00e7\u00e3o. Comprometidos com o bem-estar do planeta, [&hellip;]\" \/>\n<meta property=\"og:url\" content=\"https:\/\/ecobrisa.com\/es\/sustentabilidade\/\" \/>\n<meta property=\"og:site_name\" content=\"Brisa Tecidos Tecnol\u00f3gicos\" \/>\n<meta property=\"article:modified_time\" content=\"2025-10-23T19:03:51+00:00\" \/>\n<meta property=\"og:image\" content=\"https:\/\/ecobrisa.com\/wp-content\/uploads\/2024\/07\/selo-ouro.png\" \/>\n<meta name=\"twitter:card\" content=\"summary_large_image\" \/>\n<meta name=\"twitter:label1\" content=\"Tiempo de lectura\" \/>\n\t<meta name=\"twitter:data1\" content=\"2 minutos\" \/>\n<script type=\"application\/ld+json\" class=\"yoast-schema-graph\">{\"@context\":\"https:\/\/schema.org\",\"@graph\":[{\"@type\":\"WebPage\",\"@id\":\"https:\/\/ecobrisa.com\/sustentabilidade\/\",\"url\":\"https:\/\/ecobrisa.com\/sustentabilidade\/\",\"name\":\"Sustentabilidade - Brisa Tecidos Tecnol\u00f3gicos\",\"isPartOf\":{\"@id\":\"https:\/\/ecobrisa.com\/#website\"},\"primaryImageOfPage\":{\"@id\":\"https:\/\/ecobrisa.com\/sustentabilidade\/#primaryimage\"},\"image\":{\"@id\":\"https:\/\/ecobrisa.com\/sustentabilidade\/#primaryimage\"},\"thumbnailUrl\":\"https:\/\/ecobrisa.com\/wp-content\/uploads\/2024\/07\/selo-ouro.png\",\"datePublished\":\"2024-06-26T11:48:09+00:00\",\"dateModified\":\"2025-10-23T19:03:51+00:00\",\"breadcrumb\":{\"@id\":\"https:\/\/ecobrisa.com\/sustentabilidade\/#breadcrumb\"},\"inLanguage\":\"es\",\"potentialAction\":[{\"@type\":\"ReadAction\",\"target\":[\"https:\/\/ecobrisa.com\/sustentabilidade\/\"]}]},{\"@type\":\"ImageObject\",\"inLanguage\":\"es\",\"@id\":\"https:\/\/ecobrisa.com\/sustentabilidade\/#primaryimage\",\"url\":\"https:\/\/ecobrisa.com\/wp-content\/uploads\/2024\/07\/selo-ouro.png\",\"contentUrl\":\"https:\/\/ecobrisa.com\/wp-content\/uploads\/2024\/07\/selo-ouro.png\"},{\"@type\":\"BreadcrumbList\",\"@id\":\"https:\/\/ecobrisa.com\/sustentabilidade\/#breadcrumb\",\"itemListElement\":[{\"@type\":\"ListItem\",\"position\":1,\"name\":\"In\u00edcio\",\"item\":\"https:\/\/ecobrisa.com\/\"},{\"@type\":\"ListItem\",\"position\":2,\"name\":\"Sustentabilidade\"}]},{\"@type\":\"WebSite\",\"@id\":\"https:\/\/ecobrisa.com\/#website\",\"url\":\"https:\/\/ecobrisa.com\/\",\"name\":\"Brisa Tecidos Tecnol\u00f3gicos\",\"description\":\"\",\"publisher\":{\"@id\":\"https:\/\/ecobrisa.com\/#organization\"},\"potentialAction\":[{\"@type\":\"SearchAction\",\"target\":{\"@type\":\"EntryPoint\",\"urlTemplate\":\"https:\/\/ecobrisa.com\/?s={search_term_string}\"},\"query-input\":{\"@type\":\"PropertyValueSpecification\",\"valueRequired\":true,\"valueName\":\"search_term_string\"}}],\"inLanguage\":\"es\"},{\"@type\":\"Organization\",\"@id\":\"https:\/\/ecobrisa.com\/#organization\",\"name\":\"Brisa Tecidos Tecnol\u00f3gicos\",\"url\":\"https:\/\/ecobrisa.com\/\",\"logo\":{\"@type\":\"ImageObject\",\"inLanguage\":\"es\",\"@id\":\"https:\/\/ecobrisa.com\/#\/schema\/logo\/image\/\",\"url\":\"https:\/\/ecobrisa.com\/wp-content\/uploads\/2024\/06\/logo.png\",\"contentUrl\":\"https:\/\/ecobrisa.com\/wp-content\/uploads\/2024\/06\/logo.png\",\"width\":769,\"height\":364,\"caption\":\"Brisa Tecidos Tecnol\u00f3gicos\"},\"image\":{\"@id\":\"https:\/\/ecobrisa.com\/#\/schema\/logo\/image\/\"}}]}<\/script>\n<!-- \/ Yoast SEO plugin. -->","yoast_head_json":{"title":"Sustentabilidade - Brisa Tecidos Tecnol\u00f3gicos","robots":{"index":"index","follow":"follow","max-snippet":"max-snippet:-1","max-image-preview":"max-image-preview:large","max-video-preview":"max-video-preview:-1"},"canonical":"https:\/\/ecobrisa.com\/es\/sustentabilidade\/","og_locale":"es_ES","og_type":"article","og_title":"Sustentabilidade - Brisa Tecidos Tecnol\u00f3gicos","og_description":"Trabalhamos com a Sustentabilidade Em cada etapa de nosso processo, garantindo que nossos produtos n\u00e3o apenas atendam, mas tamb\u00e9m superem as expectativas de responsabilidade ambiental e social. https:\/\/www.youtube.com\/watch?v=HuVWsi5eOdQ SUSTENTABILIDADE Na Brisa, a sustentabilidade \u00e9 mais do que uma pol\u00edtica; \u00e9 uma pr\u00e1tica integrada em cada aspecto de nossa produ\u00e7\u00e3o. Comprometidos com o bem-estar do planeta, [&hellip;]","og_url":"https:\/\/ecobrisa.com\/es\/sustentabilidade\/","og_site_name":"Brisa Tecidos Tecnol\u00f3gicos","article_modified_time":"2025-10-23T19:03:51+00:00","og_image":[{"url":"https:\/\/ecobrisa.com\/wp-content\/uploads\/2024\/07\/selo-ouro.png"}],"twitter_card":"summary_large_image","twitter_misc":{"Tiempo de lectura":"2 minutos"},"schema":{"@context":"https:\/\/schema.org","@graph":[{"@type":"WebPage","@id":"https:\/\/ecobrisa.com\/sustentabilidade\/","url":"https:\/\/ecobrisa.com\/sustentabilidade\/","name":"Sustentabilidade - Brisa Tecidos Tecnol\u00f3gicos","isPartOf":{"@id":"https:\/\/ecobrisa.com\/#website"},"primaryImageOfPage":{"@id":"https:\/\/ecobrisa.com\/sustentabilidade\/#primaryimage"},"image":{"@id":"https:\/\/ecobrisa.com\/sustentabilidade\/#primaryimage"},"thumbnailUrl":"https:\/\/ecobrisa.com\/wp-content\/uploads\/2024\/07\/selo-ouro.png","datePublished":"2024-06-26T11:48:09+00:00","dateModified":"2025-10-23T19:03:51+00:00","breadcrumb":{"@id":"https:\/\/ecobrisa.com\/sustentabilidade\/#breadcrumb"},"inLanguage":"es","potentialAction":[{"@type":"ReadAction","target":["https:\/\/ecobrisa.com\/sustentabilidade\/"]}]},{"@type":"ImageObject","inLanguage":"es","@id":"https:\/\/ecobrisa.com\/sustentabilidade\/#primaryimage","url":"https:\/\/ecobrisa.com\/wp-content\/uploads\/2024\/07\/selo-ouro.png","contentUrl":"https:\/\/ecobrisa.com\/wp-content\/uploads\/2024\/07\/selo-ouro.png"},{"@type":"BreadcrumbList","@id":"https:\/\/ecobrisa.com\/sustentabilidade\/#breadcrumb","itemListElement":[{"@type":"ListItem","position":1,"name":"In\u00edcio","item":"https:\/\/ecobrisa.com\/"},{"@type":"ListItem","position":2,"name":"Sustentabilidade"}]},{"@type":"WebSite","@id":"https:\/\/ecobrisa.com\/#website","url":"https:\/\/ecobrisa.com\/","name":"Brisa Tecidos Tecnol\u00f3gicos","description":"","publisher":{"@id":"https:\/\/ecobrisa.com\/#organization"},"potentialAction":[{"@type":"SearchAction","target":{"@type":"EntryPoint","urlTemplate":"https:\/\/ecobrisa.com\/?s={search_term_string}"},"query-input":{"@type":"PropertyValueSpecification","valueRequired":true,"valueName":"search_term_string"}}],"inLanguage":"es"},{"@type":"Organization","@id":"https:\/\/ecobrisa.com\/#organization","name":"Brisa Tecidos Tecnol\u00f3gicos","url":"https:\/\/ecobrisa.com\/","logo":{"@type":"ImageObject","inLanguage":"es","@id":"https:\/\/ecobrisa.com\/#\/schema\/logo\/image\/","url":"https:\/\/ecobrisa.com\/wp-content\/uploads\/2024\/06\/logo.png","contentUrl":"https:\/\/ecobrisa.com\/wp-content\/uploads\/2024\/06\/logo.png","width":769,"height":364,"caption":"Brisa Tecidos Tecnol\u00f3gicos"},"image":{"@id":"https:\/\/ecobrisa.com\/#\/schema\/logo\/image\/"}}]}},"_links":{"self":[{"href":"https:\/\/ecobrisa.com\/es\/wp-json\/wp\/v2\/pages\/346","targetHints":{"allow":["GET"]}}],"collection":[{"href":"https:\/\/ecobrisa.com\/es\/wp-json\/wp\/v2\/pages"}],"about":[{"href":"https:\/\/ecobrisa.com\/es\/wp-json\/wp\/v2\/types\/page"}],"author":[{"embeddable":true,"href":"https:\/\/ecobrisa.com\/es\/wp-json\/wp\/v2\/users\/8"}],"replies":[{"embeddable":true,"href":"https:\/\/ecobrisa.com\/es\/wp-json\/wp\/v2\/comments?post=346"}],"version-history":[{"count":15,"href":"https:\/\/ecobrisa.com\/es\/wp-json\/wp\/v2\/pages\/346\/revisions"}],"predecessor-version":[{"id":2830,"href":"https:\/\/ecobrisa.com\/es\/wp-json\/wp\/v2\/pages\/346\/revisions\/2830"}],"wp:attachment":[{"href":"https:\/\/ecobrisa.com\/es\/wp-json\/wp\/v2\/media?parent=346"}],"curies":[{"name":"wp","href":"https:\/\/api.w.org\/{rel}","templated":true}]}}